{"id":14,"date":"2013-12-02T10:28:03","date_gmt":"2013-12-02T10:28:03","guid":{"rendered":"http:\/\/webtest.gedeon.cz\/2\/?page_id=14"},"modified":"2013-12-04T18:06:55","modified_gmt":"2013-12-04T18:06:55","slug":"zemni-prace","status":"publish","type":"page","link":"https:\/\/www.okam.cz\/?page_id=14","title":{"rendered":"Zemn\u00ed pr\u00e1ce"},"content":{"rendered":"<p>&#8211; bagrov\u00e1 technika (bagr JCB 4CX)<br \/>\n&#8211; minibagr CAT 304CR<\/p>\n<p><strong>Prov\u00e1d\u00ed<\/strong><br \/>\n&#8211; v\u00fdkopov\u00e9 a zahrnovac\u00ed pr\u00e1ce<br \/>\n&#8211; hlouben\u00ed r\u00fdch pro in\u017een\u00fdrsk\u00e9 s\u00edt\u011b<br \/>\n&#8211; rovn\u00e1n\u00ed a svahov\u00e1n\u00ed ter\u00e9n\u016f<br \/>\n&#8211; ter\u00e9nn\u00ed \u00fapravy rovinn\u00fdch i sva\u017eit\u00fdch ter\u00e9n\u016f<br \/>\n&#8211; nakl\u00e1d\u00e1n\u00ed a p\u0159em\u00eds\u0165ov\u00e1n\u00ed zeminy a jin\u00fdch materi\u00e1l\u016f<\/p>\n<p><strong>Z\u00e1klady, op\u011brn\u00e9 zdi<\/strong><\/p>\n<p>prov\u00e1d\u00ed<br \/>\n&#8211; v\u00fdkopy z\u00e1klad\u016f a z\u00e1kladov\u00fdch p\u00e1s\u016f<\/p>\n","protected":false},"excerpt":{"rendered":"<p>&#8211; bagrov\u00e1 technika (bagr JCB 4CX) &#8211; minibagr CAT 304CR Prov\u00e1d\u00ed &#8211; v\u00fdkopov\u00e9 a zahrnovac\u00ed pr\u00e1ce &#8211; hlouben\u00ed r\u00fdch pro in\u017een\u00fdrsk\u00e9 s\u00edt\u011b &#8211; rovn\u00e1n\u00ed a svahov\u00e1n\u00ed ter\u00e9n\u016f &#8211; ter\u00e9nn\u00ed \u00fapravy rovinn\u00fdch i sva\u017eit\u00fdch ter\u00e9n\u016f &#8211; nakl\u00e1d\u00e1n\u00ed a p\u0159em\u00eds\u0165ov\u00e1n\u00ed zeminy a jin\u00fdch materi\u00e1l\u016f Z\u00e1klady, op\u011brn\u00e9 zdi prov\u00e1d\u00ed &#8211; v\u00fdkopy z\u00e1klad\u016f a z\u00e1kladov\u00fdch p\u00e1s\u016f<\/p>\n","protected":false},"author":1,"featured_media":0,"parent":0,"menu_order":0,"comment_status":"closed","ping_status":"closed","template":"","meta":{"footnotes":""},"class_list":["post-14","page","type-page","status-publish","hentry"],"_links":{"self":[{"href":"https:\/\/www.okam.cz\/index.php?rest_route=\/wp\/v2\/pages\/14"}],"collection":[{"href":"https:\/\/www.okam.cz\/index.php?rest_route=\/wp\/v2\/pages"}],"about":[{"href":"https:\/\/www.okam.cz\/index.php?rest_route=\/wp\/v2\/types\/page"}],"author":[{"embeddable":true,"href":"https:\/\/www.okam.cz\/index.php?rest_route=\/wp\/v2\/users\/1"}],"replies":[{"embeddable":true,"href":"https:\/\/www.okam.cz\/index.php?rest_route=%2Fwp%2Fv2%2Fcomments&post=14"}],"version-history":[{"count":5,"href":"https:\/\/www.okam.cz\/index.php?rest_route=\/wp\/v2\/pages\/14\/revisions"}],"predecessor-version":[{"id":74,"href":"https:\/\/www.okam.cz\/index.php?rest_route=\/wp\/v2\/pages\/14\/revisions\/74"}],"wp:attachment":[{"href":"https:\/\/www.okam.cz\/index.php?rest_route=%2Fwp%2Fv2%2Fmedia&parent=14"}],"curies":[{"name":"wp","href":"https:\/\/api.w.org\/{rel}","templated":true}]}}